{"id":14,"date":"2025-02-04T16:28:05","date_gmt":"2025-02-04T16:28:05","guid":{"rendered":"https:\/\/biblioteca.iestpsarasara.edu.pe\/?page_id=14"},"modified":"2025-02-04T17:27:55","modified_gmt":"2025-02-04T17:27:55","slug":"bienvenidos","status":"publish","type":"page","link":"https:\/\/biblioteca.iestpsarasara.edu.pe\/","title":{"rendered":"Bienvenidos"},"content":{"rendered":"\n<div class=\"wp-block-media-text is-stacked-on-mobile\"><figure class=\"wp-block-media-text__media\"><img loading=\"lazy\" decoding=\"async\" width=\"1024\" height=\"814\" src=\"https:\/\/biblioteca.iestpsarasara.edu.pe\/wp-content\/uploads\/2025\/02\/libros_en_biblioteca-1024x814.jpg\" alt=\"\" class=\"wp-image-17 size-full\" srcset=\"https:\/\/biblioteca.iestpsarasara.edu.pe\/wp-content\/uploads\/2025\/02\/libros_en_biblioteca-1024x814.jpg 1024w, https:\/\/biblioteca.iestpsarasara.edu.pe\/wp-content\/uploads\/2025\/02\/libros_en_biblioteca-300x239.jpg 300w, https:\/\/biblioteca.iestpsarasara.edu.pe\/wp-content\/uploads\/2025\/02\/libros_en_biblioteca-768x611.jpg 768w, https:\/\/biblioteca.iestpsarasara.edu.pe\/wp-content\/uploads\/2025\/02\/libros_en_biblioteca-1536x1221.jpg 1536w, https:\/\/biblioteca.iestpsarasara.edu.pe\/wp-content\/uploads\/2025\/02\/libros_en_biblioteca.jpg 1600w\" sizes=\"auto, (max-width: 1024px) 100vw, 1024px\" \/><\/figure><div class=\"wp-block-media-text__content\">\n<p>Bienvenidos a la Biblioteca Virtual del IEST P\u00fablico Paucar del Sarasara, en la cual podr\u00e1s encontrar una amplia gama de recursos acad\u00e9micos en formato digital. Nuestra biblioteca est\u00e1 disponible las 24 horas del d\u00eda, los 7 d\u00edas de la semana, lo que te permitir\u00e1 acceder desde cualquier lugar y en cualquier momento<\/p>\n\n\n\n<div class=\"wp-block-buttons is-content-justification-center is-layout-flex wp-container-core-buttons-is-layout-a89b3969 wp-block-buttons-is-layout-flex\">\n<div class=\"wp-block-button\"><a class=\"wp-block-button__link wp-element-button\" href=\"https:\/\/biblioteca.iestpsarasara.edu.pe\/index.php\/login-2\/\">Ingresar<\/a><\/div>\n<\/div>\n<\/div><\/div>\n","protected":false},"excerpt":{"rendered":"","protected":false},"author":1,"featured_media":0,"parent":0,"menu_order":0,"comment_status":"closed","ping_status":"closed","template":"","meta":{"site-sidebar-layout":"default","site-content-layout":"","ast-site-content-layout":"","site-content-style":"default","site-sidebar-style":"default","ast-global-header-display":"","ast-banner-title-visibility":"","ast-main-header-display":"","ast-hfb-above-header-display":"","ast-hfb-below-header-display":"","ast-hfb-mobile-header-display":"","site-post-title":"","ast-breadcrumbs-content":"","ast-featured-img":"","footer-sml-layout":"","theme-transparent-header-meta":"","adv-header-id-meta":"","stick-header-meta":"","header-above-stick-meta":"","header-main-stick-meta":"","header-below-stick-meta":"","astra-migrate-meta-layouts":"default","ast-page-background-enabled":"default","ast-page-background-meta":{"desktop":{"background-color":"var(--ast-global-color-5)","background-image":"","background-repeat":"repeat","background-position":"center center","background-size":"auto","background-attachment":"scroll","background-type":"","background-media":"","overlay-type":"","overlay-color":"","overlay-opacity":"","overlay-gradient":""},"tablet":{"background-color":"","background-image":"","background-repeat":"repeat","background-position":"center center","background-size":"auto","background-attachment":"scroll","background-type":"","background-media":"","overlay-type":"","overlay-color":"","overlay-opacity":"","overlay-gradient":""},"mobile":{"background-color":"","background-image":"","background-repeat":"repeat","background-position":"center center","background-size":"auto","background-attachment":"scroll","background-type":"","background-media":"","overlay-type":"","overlay-color":"","overlay-opacity":"","overlay-gradient":""}},"ast-content-background-meta":{"desktop":{"background-color":"var(--ast-global-color-4)","background-image":"","background-repeat":"repeat","background-position":"center center","background-size":"auto","background-attachment":"scroll","background-type":"","background-media":"","overlay-type":"","overlay-color":"","overlay-opacity":"","overlay-gradient":""},"tablet":{"background-color":"var(--ast-global-color-4)","background-image":"","background-repeat":"repeat","background-position":"center center","background-size":"auto","background-attachment":"scroll","background-type":"","background-media":"","overlay-type":"","overlay-color":"","overlay-opacity":"","overlay-gradient":""},"mobile":{"background-color":"var(--ast-global-color-4)","background-image":"","background-repeat":"repeat","background-position":"center center","background-size":"auto","background-attachment":"scroll","background-type":"","background-media":"","overlay-type":"","overlay-color":"","overlay-opacity":"","overlay-gradient":""}},"footnotes":""},"class_list":["post-14","page","type-page","status-publish","hentry"],"_links":{"self":[{"href":"https:\/\/biblioteca.iestpsarasara.edu.pe\/index.php\/wp-json\/wp\/v2\/pages\/14","targetHints":{"allow":["GET"]}}],"collection":[{"href":"https:\/\/biblioteca.iestpsarasara.edu.pe\/index.php\/wp-json\/wp\/v2\/pages"}],"about":[{"href":"https:\/\/biblioteca.iestpsarasara.edu.pe\/index.php\/wp-json\/wp\/v2\/types\/page"}],"author":[{"embeddable":true,"href":"https:\/\/biblioteca.iestpsarasara.edu.pe\/index.php\/wp-json\/wp\/v2\/users\/1"}],"replies":[{"embeddable":true,"href":"https:\/\/biblioteca.iestpsarasara.edu.pe\/index.php\/wp-json\/wp\/v2\/comments?post=14"}],"version-history":[{"count":3,"href":"https:\/\/biblioteca.iestpsarasara.edu.pe\/index.php\/wp-json\/wp\/v2\/pages\/14\/revisions"}],"predecessor-version":[{"id":54,"href":"https:\/\/biblioteca.iestpsarasara.edu.pe\/index.php\/wp-json\/wp\/v2\/pages\/14\/revisions\/54"}],"wp:attachment":[{"href":"https:\/\/biblioteca.iestpsarasara.edu.pe\/index.php\/wp-json\/wp\/v2\/media?parent=14"}],"curies":[{"name":"wp","href":"https:\/\/api.w.org\/{rel}","templated":true}]}}